{"id":13,"date":"2016-04-16T12:28:54","date_gmt":"2016-04-16T10:28:54","guid":{"rendered":"http:\/\/kuraszyk.eu\/?page_id=13"},"modified":"2021-01-12T12:53:00","modified_gmt":"2021-01-12T11:53:00","slug":"dzialalnosc-uslugowa","status":"publish","type":"page","link":"http:\/\/kuraszyk.eu\/index.php\/dzialalnosc-uslugowa\/","title":{"rendered":"Dzia\u0142alno\u015b\u0107 us\u0142ugowa"},"content":{"rendered":"<p><a href=\"http:\/\/kuraszyk.eu\/wp-content\/uploads\/2016\/05\/347.jpg\"><img loading=\"lazy\" decoding=\"async\" class=\"alignnone wp-image-146\" src=\"http:\/\/kuraszyk.eu\/wp-content\/uploads\/2016\/05\/347-300x225.jpg\" alt=\"347\" width=\"226\" height=\"169\" srcset=\"http:\/\/kuraszyk.eu\/wp-content\/uploads\/2016\/05\/347-300x225.jpg 300w, http:\/\/kuraszyk.eu\/wp-content\/uploads\/2016\/05\/347-600x450.jpg 600w, http:\/\/kuraszyk.eu\/wp-content\/uploads\/2016\/05\/347-768x576.jpg 768w, http:\/\/kuraszyk.eu\/wp-content\/uploads\/2016\/05\/347.jpg 800w\" sizes=\"(max-width: 226px) 100vw, 226px\" \/><\/a>\u00a0 <a href=\"http:\/\/kuraszyk.eu\/wp-content\/uploads\/2016\/05\/406.jpg\"><img loading=\"lazy\" decoding=\"async\" class=\"alignnone wp-image-152\" src=\"http:\/\/kuraszyk.eu\/wp-content\/uploads\/2016\/05\/406-300x225.jpg\" alt=\"406\" width=\"224\" height=\"168\" srcset=\"http:\/\/kuraszyk.eu\/wp-content\/uploads\/2016\/05\/406-300x225.jpg 300w, http:\/\/kuraszyk.eu\/wp-content\/uploads\/2016\/05\/406-600x450.jpg 600w, http:\/\/kuraszyk.eu\/wp-content\/uploads\/2016\/05\/406-768x576.jpg 768w, http:\/\/kuraszyk.eu\/wp-content\/uploads\/2016\/05\/406.jpg 800w\" sizes=\"(max-width: 224px) 100vw, 224px\" \/><\/a> <a href=\"http:\/\/kuraszyk.eu\/wp-content\/uploads\/2016\/05\/127.jpg\"><img loading=\"lazy\" decoding=\"async\" class=\"alignnone wp-image-123\" src=\"http:\/\/kuraszyk.eu\/wp-content\/uploads\/2016\/05\/127-300x225.jpg\" alt=\"127\" width=\"225\" height=\"169\" srcset=\"http:\/\/kuraszyk.eu\/wp-content\/uploads\/2016\/05\/127-300x225.jpg 300w, http:\/\/kuraszyk.eu\/wp-content\/uploads\/2016\/05\/127-600x450.jpg 600w, http:\/\/kuraszyk.eu\/wp-content\/uploads\/2016\/05\/127-768x576.jpg 768w, http:\/\/kuraszyk.eu\/wp-content\/uploads\/2016\/05\/127.jpg 800w\" sizes=\"(max-width: 225px) 100vw, 225px\" \/><\/a>\u00a0 <a href=\"http:\/\/kuraszyk.eu\/wp-content\/uploads\/2016\/05\/318.jpg\"><img loading=\"lazy\" decoding=\"async\" class=\"alignnone wp-image-141\" src=\"http:\/\/kuraszyk.eu\/wp-content\/uploads\/2016\/05\/318-300x225.jpg\" alt=\"318\" width=\"223\" height=\"168\" srcset=\"http:\/\/kuraszyk.eu\/wp-content\/uploads\/2016\/05\/318-300x225.jpg 300w, http:\/\/kuraszyk.eu\/wp-content\/uploads\/2016\/05\/318-600x450.jpg 600w, http:\/\/kuraszyk.eu\/wp-content\/uploads\/2016\/05\/318-768x576.jpg 768w, http:\/\/kuraszyk.eu\/wp-content\/uploads\/2016\/05\/318.jpg 800w\" sizes=\"(max-width: 223px) 100vw, 223px\" \/><\/a> <a href=\"http:\/\/kuraszyk.eu\/wp-content\/uploads\/2016\/05\/332.jpg\"><img loading=\"lazy\" decoding=\"async\" class=\"alignnone wp-image-144\" src=\"http:\/\/kuraszyk.eu\/wp-content\/uploads\/2016\/05\/332-300x225.jpg\" alt=\"332\" width=\"224\" height=\"168\" srcset=\"http:\/\/kuraszyk.eu\/wp-content\/uploads\/2016\/05\/332-300x225.jpg 300w, http:\/\/kuraszyk.eu\/wp-content\/uploads\/2016\/05\/332-600x450.jpg 600w, http:\/\/kuraszyk.eu\/wp-content\/uploads\/2016\/05\/332-768x576.jpg 768w, http:\/\/kuraszyk.eu\/wp-content\/uploads\/2016\/05\/332.jpg 800w\" sizes=\"(max-width: 224px) 100vw, 224px\" \/><\/a>\u00a0 <a href=\"http:\/\/kuraszyk.eu\/wp-content\/uploads\/2016\/05\/072.jpg\"><img loading=\"lazy\" decoding=\"async\" class=\"alignnone wp-image-119\" src=\"http:\/\/kuraszyk.eu\/wp-content\/uploads\/2016\/05\/072-300x225.jpg\" alt=\"072\" width=\"221\" height=\"166\" srcset=\"http:\/\/kuraszyk.eu\/wp-content\/uploads\/2016\/05\/072-300x225.jpg 300w, http:\/\/kuraszyk.eu\/wp-content\/uploads\/2016\/05\/072-600x450.jpg 600w, http:\/\/kuraszyk.eu\/wp-content\/uploads\/2016\/05\/072-768x576.jpg 768w, http:\/\/kuraszyk.eu\/wp-content\/uploads\/2016\/05\/072.jpg 800w\" sizes=\"(max-width: 221px) 100vw, 221px\" \/><\/a> <a href=\"http:\/\/kuraszyk.eu\/wp-content\/uploads\/2016\/05\/054.jpg\"><img loading=\"lazy\" decoding=\"async\" class=\"alignnone wp-image-116\" src=\"http:\/\/kuraszyk.eu\/wp-content\/uploads\/2016\/05\/054-300x225.jpg\" alt=\"054\" width=\"223\" height=\"167\" srcset=\"http:\/\/kuraszyk.eu\/wp-content\/uploads\/2016\/05\/054-300x225.jpg 300w, http:\/\/kuraszyk.eu\/wp-content\/uploads\/2016\/05\/054-600x450.jpg 600w, http:\/\/kuraszyk.eu\/wp-content\/uploads\/2016\/05\/054-768x576.jpg 768w, http:\/\/kuraszyk.eu\/wp-content\/uploads\/2016\/05\/054.jpg 800w\" sizes=\"(max-width: 223px) 100vw, 223px\" \/><\/a> <a href=\"http:\/\/kuraszyk.eu\/wp-content\/uploads\/2016\/05\/321.jpg\"><img loading=\"lazy\" decoding=\"async\" class=\"alignnone wp-image-143\" src=\"http:\/\/kuraszyk.eu\/wp-content\/uploads\/2016\/05\/321-300x225.jpg\" alt=\"321\" width=\"223\" height=\"167\" srcset=\"http:\/\/kuraszyk.eu\/wp-content\/uploads\/2016\/05\/321-300x225.jpg 300w, http:\/\/kuraszyk.eu\/wp-content\/uploads\/2016\/05\/321-600x450.jpg 600w, http:\/\/kuraszyk.eu\/wp-content\/uploads\/2016\/05\/321-768x576.jpg 768w, http:\/\/kuraszyk.eu\/wp-content\/uploads\/2016\/05\/321.jpg 800w\" sizes=\"(max-width: 223px) 100vw, 223px\" \/><\/a><\/p>\n<p>&nbsp;<\/p>\n<p>&nbsp;<\/p>\n<ul>\n<li>instalacje centralnego ogrzewania oraz wodnokanalizacyjne<\/li>\n<li>monta\u017c pomp ciep\u0142a (solanka\/woda, woda\/woda, powietrze\/woda, powietrze\/powietrze, powietrze\/c.w.u.)<\/li>\n<li>monta\u017c kolektor\u00f3w s\u0142onecznych<\/li>\n<li>monta\u017c kot\u0142\u00f3w na biomas\u0119<\/li>\n<li>monta\u017c system\u00f3w fotowoltaicznych<\/li>\n<li>monta\u017c elektrowni wiatrowych<\/li>\n<li>prace ziemne<\/li>\n<li>prace wysoko\u015bciowe<\/li>\n<li>odwierty pionowe pod pompy ciep\u0142a<\/li>\n<li>us\u0142ugi serwisowe<\/li>\n<\/ul>\n","protected":false},"excerpt":{"rendered":"<p>\u00a0 \u00a0 \u00a0 &nbsp; &nbsp; instalacje centralnego ogrzewania oraz wodnokanalizacyjne monta\u017c pomp ciep\u0142a (solanka\/woda, woda\/woda, powietrze\/woda, powietrze\/powietrze, powietrze\/c.w.u.) monta\u017c kolektor\u00f3w s\u0142onecznych monta\u017c kot\u0142\u00f3w na biomas\u0119 monta\u017c system\u00f3w fotowoltaicznych monta\u017c elektrowni wiatrowych prace ziemne prace wysoko\u015bciowe odwierty pionowe pod pompy ciep\u0142a us\u0142ugi serwisowe<\/p>\n","protected":false},"author":1,"featured_media":0,"parent":0,"menu_order":0,"comment_status":"closed","ping_status":"closed","template":"page-full.php","meta":{"footnotes":""},"_links":{"self":[{"href":"http:\/\/kuraszyk.eu\/index.php\/wp-json\/wp\/v2\/pages\/13"}],"collection":[{"href":"http:\/\/kuraszyk.eu\/index.php\/wp-json\/wp\/v2\/pages"}],"about":[{"href":"http:\/\/kuraszyk.eu\/index.php\/wp-json\/wp\/v2\/types\/page"}],"author":[{"embeddable":true,"href":"http:\/\/kuraszyk.eu\/index.php\/wp-json\/wp\/v2\/users\/1"}],"replies":[{"embeddable":true,"href":"http:\/\/kuraszyk.eu\/index.php\/wp-json\/wp\/v2\/comments?post=13"}],"version-history":[{"count":12,"href":"http:\/\/kuraszyk.eu\/index.php\/wp-json\/wp\/v2\/pages\/13\/revisions"}],"predecessor-version":[{"id":186,"href":"http:\/\/kuraszyk.eu\/index.php\/wp-json\/wp\/v2\/pages\/13\/revisions\/186"}],"wp:attachment":[{"href":"http:\/\/kuraszyk.eu\/index.php\/wp-json\/wp\/v2\/media?parent=13"}],"curies":[{"name":"wp","href":"https:\/\/api.w.org\/{rel}","templated":true}]}}