{"id":206,"date":"2016-05-16T16:51:32","date_gmt":"2016-05-16T14:51:32","guid":{"rendered":"http:\/\/kuraszyk.eu\/?page_id=206"},"modified":"2021-01-12T12:52:30","modified_gmt":"2021-01-12T11:52:30","slug":"nagrody-i-wyroznienia","status":"publish","type":"page","link":"http:\/\/kuraszyk.eu\/index.php\/nagrody-i-wyroznienia\/","title":{"rendered":"Nagrody i wyr\u00f3\u017cnienia"},"content":{"rendered":"<p><strong>Nagrody i wyr\u00f3\u017cnienia<\/strong><\/p>\n<p><img loading=\"lazy\" decoding=\"async\" class=\"alignnone size-medium wp-image-60\" src=\"http:\/\/kuraszyk.eu\/wp-content\/uploads\/2016\/04\/S6300559-225x300.jpg\" alt=\"S6300559\" width=\"225\" height=\"300\" srcset=\"http:\/\/kuraszyk.eu\/wp-content\/uploads\/2016\/04\/S6300559-225x300.jpg 225w, http:\/\/kuraszyk.eu\/wp-content\/uploads\/2016\/04\/S6300559-600x800.jpg 600w, http:\/\/kuraszyk.eu\/wp-content\/uploads\/2016\/04\/S6300559-768x1024.jpg 768w, http:\/\/kuraszyk.eu\/wp-content\/uploads\/2016\/04\/S6300559.jpg 1536w\" sizes=\"(max-width: 225px) 100vw, 225px\" \/> <img loading=\"lazy\" decoding=\"async\" class=\"alignnone wp-image-59\" src=\"http:\/\/kuraszyk.eu\/wp-content\/uploads\/2016\/04\/P1000573-225x300.jpg\" alt=\"P1000573\" width=\"225\" height=\"300\" srcset=\"http:\/\/kuraszyk.eu\/wp-content\/uploads\/2016\/04\/P1000573-225x300.jpg 225w, http:\/\/kuraszyk.eu\/wp-content\/uploads\/2016\/04\/P1000573-scaled-600x800.jpg 600w, http:\/\/kuraszyk.eu\/wp-content\/uploads\/2016\/04\/P1000573-768x1024.jpg 768w, http:\/\/kuraszyk.eu\/wp-content\/uploads\/2016\/04\/P1000573-scaled.jpg 1920w\" sizes=\"(max-width: 225px) 100vw, 225px\" \/> <img loading=\"lazy\" decoding=\"async\" class=\"alignnone size-medium wp-image-204\" src=\"http:\/\/kuraszyk.eu\/wp-content\/uploads\/2016\/04\/dyplom-208x300.jpg\" alt=\"dyplom\" width=\"208\" height=\"300\" srcset=\"http:\/\/kuraszyk.eu\/wp-content\/uploads\/2016\/04\/dyplom-208x300.jpg 208w, http:\/\/kuraszyk.eu\/wp-content\/uploads\/2016\/04\/dyplom.jpg 303w\" sizes=\"(max-width: 208px) 100vw, 208px\" \/><\/p>\n<p><img loading=\"lazy\" decoding=\"async\" class=\"alignnone size-medium wp-image-240\" src=\"http:\/\/kuraszyk.eu\/wp-content\/uploads\/2016\/05\/1a-212x300.jpg\" alt=\"1a\" width=\"212\" height=\"300\" srcset=\"http:\/\/kuraszyk.eu\/wp-content\/uploads\/2016\/05\/1a-212x300.jpg 212w, http:\/\/kuraszyk.eu\/wp-content\/uploads\/2016\/05\/1a.jpg 390w\" sizes=\"(max-width: 212px) 100vw, 212px\" \/> <img loading=\"lazy\" decoding=\"async\" class=\"alignnone size-medium wp-image-241\" src=\"http:\/\/kuraszyk.eu\/wp-content\/uploads\/2016\/05\/1b-209x300.jpg\" alt=\"1b\" width=\"209\" height=\"300\" srcset=\"http:\/\/kuraszyk.eu\/wp-content\/uploads\/2016\/05\/1b-209x300.jpg 209w, http:\/\/kuraszyk.eu\/wp-content\/uploads\/2016\/05\/1b-416x596.jpg 416w, http:\/\/kuraszyk.eu\/wp-content\/uploads\/2016\/05\/1b.jpg 427w\" sizes=\"(max-width: 209px) 100vw, 209px\" \/> <img loading=\"lazy\" decoding=\"async\" class=\"alignnone size-medium wp-image-242\" src=\"http:\/\/kuraszyk.eu\/wp-content\/uploads\/2016\/05\/1c-213x300.jpg\" alt=\"1c\" width=\"213\" height=\"300\" srcset=\"http:\/\/kuraszyk.eu\/wp-content\/uploads\/2016\/05\/1c-213x300.jpg 213w, http:\/\/kuraszyk.eu\/wp-content\/uploads\/2016\/05\/1c.jpg 368w\" sizes=\"(max-width: 213px) 100vw, 213px\" \/> <img loading=\"lazy\" decoding=\"async\" class=\"alignnone size-medium wp-image-243\" src=\"http:\/\/kuraszyk.eu\/wp-content\/uploads\/2016\/05\/1d-217x300.jpg\" alt=\"1d\" width=\"217\" height=\"300\" srcset=\"http:\/\/kuraszyk.eu\/wp-content\/uploads\/2016\/05\/1d-217x300.jpg 217w, http:\/\/kuraszyk.eu\/wp-content\/uploads\/2016\/05\/1d-416x574.jpg 416w, http:\/\/kuraszyk.eu\/wp-content\/uploads\/2016\/05\/1d.jpg 436w\" sizes=\"(max-width: 217px) 100vw, 217px\" \/> <img loading=\"lazy\" decoding=\"async\" class=\"alignnone size-medium wp-image-244\" src=\"http:\/\/kuraszyk.eu\/wp-content\/uploads\/2016\/05\/1e-211x300.jpg\" alt=\"1e\" width=\"211\" height=\"300\" srcset=\"http:\/\/kuraszyk.eu\/wp-content\/uploads\/2016\/05\/1e-211x300.jpg 211w, http:\/\/kuraszyk.eu\/wp-content\/uploads\/2016\/05\/1e-416x592.jpg 416w, http:\/\/kuraszyk.eu\/wp-content\/uploads\/2016\/05\/1e.jpg 428w\" sizes=\"(max-width: 211px) 100vw, 211px\" \/><\/p>\n<p><img loading=\"lazy\" decoding=\"async\" class=\"alignnone wp-image-181\" src=\"http:\/\/kuraszyk.eu\/wp-content\/uploads\/2016\/05\/n1-300x219.jpg\" alt=\"n1\" width=\"337\" height=\"246\" srcset=\"http:\/\/kuraszyk.eu\/wp-content\/uploads\/2016\/05\/n1-300x219.jpg 300w, http:\/\/kuraszyk.eu\/wp-content\/uploads\/2016\/05\/n1-600x438.jpg 600w, http:\/\/kuraszyk.eu\/wp-content\/uploads\/2016\/05\/n1.jpg 640w\" sizes=\"(max-width: 337px) 100vw, 337px\" \/><\/p>\n","protected":false},"excerpt":{"rendered":"<p>Nagrody i wyr\u00f3\u017cnienia<\/p>\n","protected":false},"author":1,"featured_media":0,"parent":0,"menu_order":0,"comment_status":"closed","ping_status":"closed","template":"page-full.php","meta":{"footnotes":""},"_links":{"self":[{"href":"http:\/\/kuraszyk.eu\/index.php\/wp-json\/wp\/v2\/pages\/206"}],"collection":[{"href":"http:\/\/kuraszyk.eu\/index.php\/wp-json\/wp\/v2\/pages"}],"about":[{"href":"http:\/\/kuraszyk.eu\/index.php\/wp-json\/wp\/v2\/types\/page"}],"author":[{"embeddable":true,"href":"http:\/\/kuraszyk.eu\/index.php\/wp-json\/wp\/v2\/users\/1"}],"replies":[{"embeddable":true,"href":"http:\/\/kuraszyk.eu\/index.php\/wp-json\/wp\/v2\/comments?post=206"}],"version-history":[{"count":9,"href":"http:\/\/kuraszyk.eu\/index.php\/wp-json\/wp\/v2\/pages\/206\/revisions"}],"predecessor-version":[{"id":259,"href":"http:\/\/kuraszyk.eu\/index.php\/wp-json\/wp\/v2\/pages\/206\/revisions\/259"}],"wp:attachment":[{"href":"http:\/\/kuraszyk.eu\/index.php\/wp-json\/wp\/v2\/media?parent=206"}],"curies":[{"name":"wp","href":"https:\/\/api.w.org\/{rel}","templated":true}]}}